{"id":5,"date":"2007-10-24T17:11:46","date_gmt":"2007-10-24T15:11:46","guid":{"rendered":"http:\/\/afk.se\/~web5360\/?page_id=5"},"modified":"2007-10-24T17:11:46","modified_gmt":"2007-10-24T15:11:46","slug":"about-2","status":"publish","type":"page","link":"https:\/\/webbla.se\/?page_id=5","title":{"rendered":"Om"},"content":{"rendered":"<p><img decoding=\"async\" src=\"https:\/\/webbla.se\/e-mind_epost.gif\" alt=\"https:\/\/webbla.se\/e-mind_epost.gif\" \/><img decoding=\"async\" src=\"https:\/\/webbla.se\/shoppinghuset_logo.gif\" alt=\"https:\/\/webbla.se\/shoppinghuset_logo.gif\" \/><img loading=\"lazy\" decoding=\"async\" border=\"0\" align=\"right\" width=\"154\" src=\"https:\/\/webbla.se\/msn-posse.jpg\" alt=\"Posse\" height=\"190\" \/><img loading=\"lazy\" decoding=\"async\" border=\"0\" width=\"1\" src=\"https:\/\/webbla.se\/msn-posse.jpg\" height=\"1\" \/>\u00a0<\/p>\n<p>Mitt namn \u00e4r Posse Lindholm och har jobbat med marknadsf\u00f6ring och internet m\u00e5nga, m\u00e5nga \u00e5r.<br \/>\nDriver idag m\u00e5nga sajter b\u00e5de stora och sm\u00e5, <a href=\"http:\/\/www.shoppinghuset.se\">shoppinghuset<\/a>, <a href=\"http:\/\/www.e-mind.se\">e-mind<\/a>, <a href=\"http:\/\/www.annonseringdirekt.com\">annonseringdirekt<\/a>, <a href=\"http:\/\/www.bloggskolan.se\">bloggskolan<\/a><\/p>\n","protected":false},"excerpt":{"rendered":"<p>\u00a0 Mitt namn \u00e4r Posse Lindholm och har jobbat med marknadsf\u00f6ring och internet m\u00e5nga, m\u00e5nga \u00e5r. Driver idag m\u00e5nga sajter b\u00e5de stora och sm\u00e5, shoppinghuset, e-mind, annonseringdirekt, bloggskolan<\/p>\n","protected":false},"author":2,"featured_media":0,"parent":0,"menu_order":0,"comment_status":"open","ping_status":"open","template":"","meta":{"footnotes":""},"class_list":["post-5","page","type-page","status-publish","hentry"],"yoast_head":"<!-- This site is optimized with the Yoast SEO plugin v26.6 - https:\/\/yoast.com\/wordpress\/plugins\/seo\/ -->\n<title>Om - webbla\/dom\u00e4n<\/title>\n<meta name=\"robots\" content=\"index, follow, max-snippet:-1, max-image-preview:large, max-video-preview:-1\" \/>\n<link rel=\"canonical\" href=\"https:\/\/webbla.se\/?page_id=5\" \/>\n<meta property=\"og:locale\" content=\"sv_SE\" \/>\n<meta property=\"og:type\" content=\"article\" \/>\n<meta property=\"og:title\" content=\"Om - webbla\/dom\u00e4n\" \/>\n<meta property=\"og:description\" content=\"\u00a0 Mitt namn \u00e4r Posse Lindholm och har jobbat med marknadsf\u00f6ring och internet m\u00e5nga, m\u00e5nga \u00e5r. Driver idag m\u00e5nga sajter b\u00e5de stora och sm\u00e5, shoppinghuset, e-mind, annonseringdirekt, bloggskolan\" \/>\n<meta property=\"og:url\" content=\"https:\/\/webbla.se\/?page_id=5\" \/>\n<meta property=\"og:site_name\" content=\"webbla\/dom\u00e4n\" \/>\n<meta property=\"og:image\" content=\"https:\/\/webbla.se\/e-mind_epost.gif\" \/>\n<meta name=\"twitter:card\" content=\"summary_large_image\" \/>\n<script type=\"application\/ld+json\" class=\"yoast-schema-graph\">{\"@context\":\"https:\/\/schema.org\",\"@graph\":[{\"@type\":\"WebPage\",\"@id\":\"https:\/\/webbla.se\/?page_id=5\",\"url\":\"https:\/\/webbla.se\/?page_id=5\",\"name\":\"Om - webbla\/dom\u00e4n\",\"isPartOf\":{\"@id\":\"https:\/\/webbla.se\/#website\"},\"primaryImageOfPage\":{\"@id\":\"https:\/\/webbla.se\/?page_id=5#primaryimage\"},\"image\":{\"@id\":\"https:\/\/webbla.se\/?page_id=5#primaryimage\"},\"thumbnailUrl\":\"https:\/\/webbla.se\/e-mind_epost.gif\",\"datePublished\":\"2007-10-24T15:11:46+00:00\",\"breadcrumb\":{\"@id\":\"https:\/\/webbla.se\/?page_id=5#breadcrumb\"},\"inLanguage\":\"sv-SE\",\"potentialAction\":[{\"@type\":\"ReadAction\",\"target\":[\"https:\/\/webbla.se\/?page_id=5\"]}]},{\"@type\":\"ImageObject\",\"inLanguage\":\"sv-SE\",\"@id\":\"https:\/\/webbla.se\/?page_id=5#primaryimage\",\"url\":\"https:\/\/webbla.se\/e-mind_epost.gif\",\"contentUrl\":\"https:\/\/webbla.se\/e-mind_epost.gif\"},{\"@type\":\"BreadcrumbList\",\"@id\":\"https:\/\/webbla.se\/?page_id=5#breadcrumb\",\"itemListElement\":[{\"@type\":\"ListItem\",\"position\":1,\"name\":\"Hem\",\"item\":\"https:\/\/webbla.se\/\"},{\"@type\":\"ListItem\",\"position\":2,\"name\":\"Om\"}]},{\"@type\":\"WebSite\",\"@id\":\"https:\/\/webbla.se\/#website\",\"url\":\"https:\/\/webbla.se\/\",\"name\":\"webbla\/dom\u00e4n\",\"description\":\"dom\u00e4ner av advisor posse\",\"potentialAction\":[{\"@type\":\"SearchAction\",\"target\":{\"@type\":\"EntryPoint\",\"urlTemplate\":\"https:\/\/webbla.se\/?s={search_term_string}\"},\"query-input\":{\"@type\":\"PropertyValueSpecification\",\"valueRequired\":true,\"valueName\":\"search_term_string\"}}],\"inLanguage\":\"sv-SE\"}]}<\/script>\n<!-- \/ Yoast SEO plugin. -->","yoast_head_json":{"title":"Om - webbla\/dom\u00e4n","robots":{"index":"index","follow":"follow","max-snippet":"max-snippet:-1","max-image-preview":"max-image-preview:large","max-video-preview":"max-video-preview:-1"},"canonical":"https:\/\/webbla.se\/?page_id=5","og_locale":"sv_SE","og_type":"article","og_title":"Om - webbla\/dom\u00e4n","og_description":"\u00a0 Mitt namn \u00e4r Posse Lindholm och har jobbat med marknadsf\u00f6ring och internet m\u00e5nga, m\u00e5nga \u00e5r. Driver idag m\u00e5nga sajter b\u00e5de stora och sm\u00e5, shoppinghuset, e-mind, annonseringdirekt, bloggskolan","og_url":"https:\/\/webbla.se\/?page_id=5","og_site_name":"webbla\/dom\u00e4n","og_image":[{"url":"https:\/\/webbla.se\/e-mind_epost.gif","type":"","width":"","height":""}],"twitter_card":"summary_large_image","schema":{"@context":"https:\/\/schema.org","@graph":[{"@type":"WebPage","@id":"https:\/\/webbla.se\/?page_id=5","url":"https:\/\/webbla.se\/?page_id=5","name":"Om - webbla\/dom\u00e4n","isPartOf":{"@id":"https:\/\/webbla.se\/#website"},"primaryImageOfPage":{"@id":"https:\/\/webbla.se\/?page_id=5#primaryimage"},"image":{"@id":"https:\/\/webbla.se\/?page_id=5#primaryimage"},"thumbnailUrl":"https:\/\/webbla.se\/e-mind_epost.gif","datePublished":"2007-10-24T15:11:46+00:00","breadcrumb":{"@id":"https:\/\/webbla.se\/?page_id=5#breadcrumb"},"inLanguage":"sv-SE","potentialAction":[{"@type":"ReadAction","target":["https:\/\/webbla.se\/?page_id=5"]}]},{"@type":"ImageObject","inLanguage":"sv-SE","@id":"https:\/\/webbla.se\/?page_id=5#primaryimage","url":"https:\/\/webbla.se\/e-mind_epost.gif","contentUrl":"https:\/\/webbla.se\/e-mind_epost.gif"},{"@type":"BreadcrumbList","@id":"https:\/\/webbla.se\/?page_id=5#breadcrumb","itemListElement":[{"@type":"ListItem","position":1,"name":"Hem","item":"https:\/\/webbla.se\/"},{"@type":"ListItem","position":2,"name":"Om"}]},{"@type":"WebSite","@id":"https:\/\/webbla.se\/#website","url":"https:\/\/webbla.se\/","name":"webbla\/dom\u00e4n","description":"dom\u00e4ner av advisor posse","potentialAction":[{"@type":"SearchAction","target":{"@type":"EntryPoint","urlTemplate":"https:\/\/webbla.se\/?s={search_term_string}"},"query-input":{"@type":"PropertyValueSpecification","valueRequired":true,"valueName":"search_term_string"}}],"inLanguage":"sv-SE"}]}},"_links":{"self":[{"href":"https:\/\/webbla.se\/index.php?rest_route=\/wp\/v2\/pages\/5","targetHints":{"allow":["GET"]}}],"collection":[{"href":"https:\/\/webbla.se\/index.php?rest_route=\/wp\/v2\/pages"}],"about":[{"href":"https:\/\/webbla.se\/index.php?rest_route=\/wp\/v2\/types\/page"}],"author":[{"embeddable":true,"href":"https:\/\/webbla.se\/index.php?rest_route=\/wp\/v2\/users\/2"}],"replies":[{"embeddable":true,"href":"https:\/\/webbla.se\/index.php?rest_route=%2Fwp%2Fv2%2Fcomments&post=5"}],"version-history":[{"count":0,"href":"https:\/\/webbla.se\/index.php?rest_route=\/wp\/v2\/pages\/5\/revisions"}],"wp:attachment":[{"href":"https:\/\/webbla.se\/index.php?rest_route=%2Fwp%2Fv2%2Fmedia&parent=5"}],"curies":[{"name":"wp","href":"https:\/\/api.w.org\/{rel}","templated":true}]}}