{"id":117,"date":"2009-01-22T07:11:28","date_gmt":"2009-01-22T06:11:28","guid":{"rendered":"https:\/\/webbla.se\/?page_id=117"},"modified":"2015-10-12T15:45:04","modified_gmt":"2015-10-12T14:45:04","slug":"domannamn","status":"publish","type":"page","link":"https:\/\/webbla.se\/?page_id=117","title":{"rendered":"Dom\u00e4nnamn"},"content":{"rendered":"<p>Det \u00e4r fantastiskt hur vi tar saker f\u00f6r givet. Ta dom\u00e4nnamn, till exempel. De flesta m\u00e4nniskor vet vad det \u00e4r, men f\u00e5 f\u00f6rst\u00e5r alla detaljer inblandade.<br \/>\nDessa brukar inte bli klart f\u00f6rr\u00e4n ett dom\u00e4nnamn beh\u00f6vs f\u00f6r en webbplats.<\/p>\n<p>Ett dom\u00e4nnamn \u00e4r i princip en webbadress. Till exempel &#8221;webbla.se&#8221; \u00e4r den adress till bloggen webblas hemsida, det \u00e4r ocks\u00e5 webbplatsens dom\u00e4nnamn.<\/p>\n<p>Anm\u00e4rkning: Hela webbadress, dvs <a href=\"https:\/\/webbla.se\">https:\/\/webbla.se<\/a>, kallas URL (Uniform Resource Locator).<\/p>\n<p>Det finns tre &#8221;niv\u00e5er&#8221; av dom\u00e4nnamn. Den f\u00f6rsta niv\u00e5n, som beskrivs i detalj nedan, \u00e4r att &#8221;f\u00f6rl\u00e4nga&#8221; en del av namnet, dvs &#8221;. se.&#8221;<br \/>\nDen andra skulle vara &#8221;webbla.se&#8221;. Den tredje niv\u00e5n skulle vara &#8221;<a href=\"https:\/\/webbla.se\">www.webbla.se<\/a>.&#8221;<\/p>\n<p>Toppdom\u00e4ner<\/p>\n<p>Ett dom\u00e4nnamn &#8221;.se&#8221; kallas en &#8221;toppdom\u00e4n (TLD).&#8221; Dessa \u00e4r indelade i tre olika kategorier: generiska toppdom\u00e4ner (gTLD), landsnummer toppdom\u00e4ner (ccTLD)<br \/>\noch infrastruktur toppdom\u00e4ner.<\/p>\n<p>Generiska toppdom\u00e4ner \u00e4r de som oftast ses p\u00e5 webben:. Com (ursprungligen avsedda f\u00f6r anv\u00e4ndning av kommersiella organisationer, men \u00e4r tillg\u00e4nglig f\u00f6r<br \/>\nvem som helst).<\/p>\n<p>. netto (ursprungligen avsedda f\u00f6r anv\u00e4ndning av webbplatser direkt relaterade till Internet, men \u00e4r tillg\u00e4nglig f\u00f6r vem som helst).<br \/>\n. org (ursprungligen avsedda att anv\u00e4ndas av ideella organisationer, men \u00e4r tillg\u00e4nglig f\u00f6r vem som helst).<br \/>\n. edu (som anv\u00e4nds av utbildnings-organisationer).<br \/>\n. gov (reserverade f\u00f6r kontor inom F\u00f6renta staternas regering).<br \/>\n. mil (reserverad f\u00f6r USA milit\u00e4ra).<br \/>\n. int (reserverade f\u00f6r internationella organisationer som inr\u00e4ttats genom f\u00f6rdraget. dvs. EU: <a href=\"http:\/\/europa.eu.int\">http:\/\/europa.eu.int<\/a>).<br \/>\n. flygmedicinsk (reserverad f\u00f6r medlemmar i trafikflyget).<br \/>\n. biz (f\u00f6r att anv\u00e4ndas av f\u00f6retag endast).<br \/>\n. Coop (reserverad f\u00f6r kooperativ).<br \/>\n. info.<br \/>\n. museum (reserverad f\u00f6r museer).<br \/>\n. namn (reserverat f\u00f6r enskilda individer).<br \/>\n. pro (som utvecklas f\u00f6r branschfolk och n\u00e4rst\u00e5ende enheter).<\/p>\n<p>N\u00e4sta toppdom\u00e4ner \u00e4r de tv\u00e5 bokst\u00e4ver landskoder. Dessa anv\u00e4nds f\u00f6r att beteckna ett land eller ett beroende territorium.<br \/>\nExempelvis i URL <a href=\"http:\/\/www.telegraph.co.uk\">http:\/\/www.telegraph.co.uk<\/a>, den &#8221;brittiska&#8221; representerar Storbritannien. En f\u00f6rteckning \u00f6ver alla landskoder finns p\u00e5 IANA webbplats.<br \/>\nIANA (Internet Assigned Numbers Authority) \u00f6vervakar tilldelningen av alla TLD&#8217;s.<\/p>\n<p>Den toppdom\u00e4n infrastrukturen \u00e4r begr\u00e4nsad till &#8221;. Arpa&#8221; och anv\u00e4nds uteslutande f\u00f6r Internet-infrastruktur \u00e4ndam\u00e5l. Toppdom\u00e4nen. Arpa utseende kommer<br \/>\nfr\u00e5n United States Department of Defense Advanced Research Projects Agency, den myndighet som formulerats Internet.<\/p>\n<p>Formatering av dom\u00e4nnamn<\/p>\n<p>Dom\u00e4nnamn m\u00e5ste vara minst tv\u00e5 tecken och h\u00f6gst 63 tecken maximalt, med undantag f\u00f6r toppdom\u00e4nen.<br \/>\nDe tecken som kan inneh\u00e5lla en kombination av bokst\u00e4ver, siffror eller bindestreck. Den f\u00f6rsta och sista tecknet kan inte vara ett bindestreck.<br \/>\nDom\u00e4nnamn \u00e4r inte skiftl\u00e4gesk\u00e4nsligt. dvs &#8221;webbla.se&#8221; skulle vara detsamma som &#8221;WEBBLA.SE&#8221;<\/p>\n","protected":false},"excerpt":{"rendered":"<p>Det \u00e4r fantastiskt hur vi tar saker f\u00f6r givet. Ta dom\u00e4nnamn, till exempel. De flesta m\u00e4nniskor vet vad det \u00e4r, men f\u00e5 f\u00f6rst\u00e5r alla detaljer inblandade. Dessa brukar inte bli klart f\u00f6rr\u00e4n ett dom\u00e4nnamn beh\u00f6vs f\u00f6r en webbplats. Ett dom\u00e4nnamn \u00e4r i princip en webbadress. Till exempel &#8221;webbla.se&#8221; \u00e4r den adress till bloggen webblas hemsida, [&hellip;]<\/p>\n","protected":false},"author":2,"featured_media":0,"parent":0,"menu_order":0,"comment_status":"open","ping_status":"open","template":"","meta":{"footnotes":""},"class_list":["post-117","page","type-page","status-publish","hentry"],"yoast_head":"<!-- This site is optimized with the Yoast SEO plugin v26.6 - https:\/\/yoast.com\/wordpress\/plugins\/seo\/ -->\n<title>Dom\u00e4nnamn - webbla\/dom\u00e4n<\/title>\n<meta name=\"robots\" content=\"index, follow, max-snippet:-1, max-image-preview:large, max-video-preview:-1\" \/>\n<link rel=\"canonical\" href=\"https:\/\/webbla.se\/?page_id=117\" \/>\n<meta property=\"og:locale\" content=\"sv_SE\" \/>\n<meta property=\"og:type\" content=\"article\" \/>\n<meta property=\"og:title\" content=\"Dom\u00e4nnamn - webbla\/dom\u00e4n\" \/>\n<meta property=\"og:description\" content=\"Det \u00e4r fantastiskt hur vi tar saker f\u00f6r givet. Ta dom\u00e4nnamn, till exempel. De flesta m\u00e4nniskor vet vad det \u00e4r, men f\u00e5 f\u00f6rst\u00e5r alla detaljer inblandade. Dessa brukar inte bli klart f\u00f6rr\u00e4n ett dom\u00e4nnamn beh\u00f6vs f\u00f6r en webbplats. Ett dom\u00e4nnamn \u00e4r i princip en webbadress. Till exempel &#8221;webbla.se&#8221; \u00e4r den adress till bloggen webblas hemsida, [&hellip;]\" \/>\n<meta property=\"og:url\" content=\"https:\/\/webbla.se\/?page_id=117\" \/>\n<meta property=\"og:site_name\" content=\"webbla\/dom\u00e4n\" \/>\n<meta property=\"article:modified_time\" content=\"2015-10-12T14:45:04+00:00\" \/>\n<meta name=\"twitter:card\" content=\"summary_large_image\" \/>\n<meta name=\"twitter:label1\" content=\"Ber\u00e4knad l\u00e4stid\" \/>\n\t<meta name=\"twitter:data1\" content=\"2 minuter\" \/>\n<script type=\"application\/ld+json\" class=\"yoast-schema-graph\">{\"@context\":\"https:\/\/schema.org\",\"@graph\":[{\"@type\":\"WebPage\",\"@id\":\"https:\/\/webbla.se\/?page_id=117\",\"url\":\"https:\/\/webbla.se\/?page_id=117\",\"name\":\"Dom\u00e4nnamn - webbla\/dom\u00e4n\",\"isPartOf\":{\"@id\":\"https:\/\/webbla.se\/#website\"},\"datePublished\":\"2009-01-22T06:11:28+00:00\",\"dateModified\":\"2015-10-12T14:45:04+00:00\",\"breadcrumb\":{\"@id\":\"https:\/\/webbla.se\/?page_id=117#breadcrumb\"},\"inLanguage\":\"sv-SE\",\"potentialAction\":[{\"@type\":\"ReadAction\",\"target\":[\"https:\/\/webbla.se\/?page_id=117\"]}]},{\"@type\":\"BreadcrumbList\",\"@id\":\"https:\/\/webbla.se\/?page_id=117#breadcrumb\",\"itemListElement\":[{\"@type\":\"ListItem\",\"position\":1,\"name\":\"Hem\",\"item\":\"https:\/\/webbla.se\/\"},{\"@type\":\"ListItem\",\"position\":2,\"name\":\"Dom\u00e4nnamn\"}]},{\"@type\":\"WebSite\",\"@id\":\"https:\/\/webbla.se\/#website\",\"url\":\"https:\/\/webbla.se\/\",\"name\":\"webbla\/dom\u00e4n\",\"description\":\"dom\u00e4ner av advisor posse\",\"potentialAction\":[{\"@type\":\"SearchAction\",\"target\":{\"@type\":\"EntryPoint\",\"urlTemplate\":\"https:\/\/webbla.se\/?s={search_term_string}\"},\"query-input\":{\"@type\":\"PropertyValueSpecification\",\"valueRequired\":true,\"valueName\":\"search_term_string\"}}],\"inLanguage\":\"sv-SE\"}]}<\/script>\n<!-- \/ Yoast SEO plugin. -->","yoast_head_json":{"title":"Dom\u00e4nnamn - webbla\/dom\u00e4n","robots":{"index":"index","follow":"follow","max-snippet":"max-snippet:-1","max-image-preview":"max-image-preview:large","max-video-preview":"max-video-preview:-1"},"canonical":"https:\/\/webbla.se\/?page_id=117","og_locale":"sv_SE","og_type":"article","og_title":"Dom\u00e4nnamn - webbla\/dom\u00e4n","og_description":"Det \u00e4r fantastiskt hur vi tar saker f\u00f6r givet. Ta dom\u00e4nnamn, till exempel. De flesta m\u00e4nniskor vet vad det \u00e4r, men f\u00e5 f\u00f6rst\u00e5r alla detaljer inblandade. Dessa brukar inte bli klart f\u00f6rr\u00e4n ett dom\u00e4nnamn beh\u00f6vs f\u00f6r en webbplats. Ett dom\u00e4nnamn \u00e4r i princip en webbadress. Till exempel &#8221;webbla.se&#8221; \u00e4r den adress till bloggen webblas hemsida, [&hellip;]","og_url":"https:\/\/webbla.se\/?page_id=117","og_site_name":"webbla\/dom\u00e4n","article_modified_time":"2015-10-12T14:45:04+00:00","twitter_card":"summary_large_image","twitter_misc":{"Ber\u00e4knad l\u00e4stid":"2 minuter"},"schema":{"@context":"https:\/\/schema.org","@graph":[{"@type":"WebPage","@id":"https:\/\/webbla.se\/?page_id=117","url":"https:\/\/webbla.se\/?page_id=117","name":"Dom\u00e4nnamn - webbla\/dom\u00e4n","isPartOf":{"@id":"https:\/\/webbla.se\/#website"},"datePublished":"2009-01-22T06:11:28+00:00","dateModified":"2015-10-12T14:45:04+00:00","breadcrumb":{"@id":"https:\/\/webbla.se\/?page_id=117#breadcrumb"},"inLanguage":"sv-SE","potentialAction":[{"@type":"ReadAction","target":["https:\/\/webbla.se\/?page_id=117"]}]},{"@type":"BreadcrumbList","@id":"https:\/\/webbla.se\/?page_id=117#breadcrumb","itemListElement":[{"@type":"ListItem","position":1,"name":"Hem","item":"https:\/\/webbla.se\/"},{"@type":"ListItem","position":2,"name":"Dom\u00e4nnamn"}]},{"@type":"WebSite","@id":"https:\/\/webbla.se\/#website","url":"https:\/\/webbla.se\/","name":"webbla\/dom\u00e4n","description":"dom\u00e4ner av advisor posse","potentialAction":[{"@type":"SearchAction","target":{"@type":"EntryPoint","urlTemplate":"https:\/\/webbla.se\/?s={search_term_string}"},"query-input":{"@type":"PropertyValueSpecification","valueRequired":true,"valueName":"search_term_string"}}],"inLanguage":"sv-SE"}]}},"_links":{"self":[{"href":"https:\/\/webbla.se\/index.php?rest_route=\/wp\/v2\/pages\/117","targetHints":{"allow":["GET"]}}],"collection":[{"href":"https:\/\/webbla.se\/index.php?rest_route=\/wp\/v2\/pages"}],"about":[{"href":"https:\/\/webbla.se\/index.php?rest_route=\/wp\/v2\/types\/page"}],"author":[{"embeddable":true,"href":"https:\/\/webbla.se\/index.php?rest_route=\/wp\/v2\/users\/2"}],"replies":[{"embeddable":true,"href":"https:\/\/webbla.se\/index.php?rest_route=%2Fwp%2Fv2%2Fcomments&post=117"}],"version-history":[{"count":2,"href":"https:\/\/webbla.se\/index.php?rest_route=\/wp\/v2\/pages\/117\/revisions"}],"predecessor-version":[{"id":387,"href":"https:\/\/webbla.se\/index.php?rest_route=\/wp\/v2\/pages\/117\/revisions\/387"}],"wp:attachment":[{"href":"https:\/\/webbla.se\/index.php?rest_route=%2Fwp%2Fv2%2Fmedia&parent=117"}],"curies":[{"name":"wp","href":"https:\/\/api.w.org\/{rel}","templated":true}]}}